{"id":521,"date":"2023-04-14T13:24:15","date_gmt":"2023-04-14T13:24:15","guid":{"rendered":"https:\/\/haciendamiranda.es\/menu\/"},"modified":"2024-11-28T17:52:03","modified_gmt":"2024-11-28T17:52:03","slug":"menu","status":"publish","type":"page","link":"https:\/\/haciendamiranda.es\/en\/menu\/","title":{"rendered":"Menu"},"content":{"rendered":"<section class=\"l-section wpb_row us_custom_de67d1db height_medium width_full\"><div class=\"l-section-h i-cf\"><div class=\"g-cols vc_row via_grid cols_1 laptops-cols_inherit tablets-cols_inherit mobiles-cols_1 valign_top type_default stacking_default\"><div class=\"wpb_column vc_column_container\"><div class=\"vc_column-inner\">[vc_custom_heading text=&#8221;DISHES FOR ALL TASTES&#8221; font_container=&#8221;tag:div|text_align:left&#8221; use_theme_fonts=&#8221;yes&#8221; css=&#8221;%7B%22default%22%3A%7B%22text-align%22%3A%22center%22%2C%22font-size%22%3A%220.8rem%22%2C%22text-transform%22%3A%22uppercase%22%2C%22animation-name%22%3A%22fade%22%2C%22animation-delay%22%3A%220.5s%22%7D%7D&#8221;][vc_custom_heading text=&#8221;MENU&#8221; font_container=&#8221;tag:h2|text_align:center&#8221; use_theme_fonts=&#8221;yes&#8221; css=&#8221;%7B%22default%22%3A%7B%22color%22%3A%22%23333333%22%2C%22animation-name%22%3A%22fade%22%2C%22animation-delay%22%3A%220.5s%22%7D%7D&#8221;]<div class=\"w-image us_custom_f1a4f275 us_animate_this align_center\"><div class=\"w-image-h\"><img loading=\"lazy\" decoding=\"async\" width=\"116\" height=\"5\" src=\"https:\/\/haciendamiranda.es\/wp-content\/uploads\/2022\/12\/separador.png\" class=\"attachment-full size-full\" alt=\"\" \/><\/div><\/div><\/div><\/div><\/div><\/div><\/section><section class=\"l-section wpb_row menu height_auto\"><div class=\"l-section-h i-cf\"><div class=\"g-cols vc_row via_grid cols_2 laptops-cols_inherit tablets-cols_inherit mobiles-cols_1 valign_middle type_default stacking_default\" style=\"grid-gap:2rem;\"><div class=\"wpb_column vc_column_container us_custom_522cc69e has_bg_color has-link\"><div class=\"vc_column-inner\"><h2 class=\"w-text us_custom_d44d8758 middle has_text_color\"><span class=\"w-text-h\"><span class=\"w-text-value\">Starters<\/span><\/span><\/h2><\/div><a href=\"https:\/\/haciendamiranda.es\/en\/entrantes\/\" class=\"vc_column-link smooth-scroll\" aria-label=\"Link\"><\/a><\/div><div class=\"wpb_column vc_column_container us_custom_597084e6 has_bg_color has-link\"><div class=\"vc_column-inner\"><h2 class=\"w-text us_custom_d44d8758 has_text_color\"><span class=\"w-text-h\"><span class=\"w-text-value\">Mains<\/span><\/span><\/h2><\/div><a href=\"https:\/\/haciendamiranda.es\/en\/principales\/\" class=\"vc_column-link smooth-scroll\" aria-label=\"Link\"><\/a><\/div><div class=\"wpb_column vc_column_container us_custom_0e779e97 has_bg_color has-link\"><div class=\"vc_column-inner\"><h2 class=\"w-text us_custom_d44d8758 has_text_color\"><span class=\"w-text-h\"><span class=\"w-text-value\">Kids Menu<\/span><\/span><\/h2><\/div><a href=\"https:\/\/haciendamiranda.es\/en\/kids-menu\/\" class=\"vc_column-link smooth-scroll\" aria-label=\"Link\"><\/a><\/div><\/div><\/div><\/section><section class=\"l-section wpb_row height_medium\"><div class=\"l-section-h i-cf\"><div class=\"g-cols vc_row via_grid cols_1 laptops-cols_inherit tablets-cols_inherit mobiles-cols_1 valign_top type_default stacking_default\"><div class=\"wpb_column vc_column_container\"><div class=\"vc_column-inner\"><div class=\"w-separator size_medium\"><\/div><div class=\"wpb_text_column us_custom_b767dbc6\"><div class=\"wpb_wrapper\"><p style=\"text-align: center;\">Discover authentic <strong>Mexican cuisine<\/strong> at Hacienda Miranda, the <strong>Mexican restaurant<\/strong> in <strong>Tenerife South<\/strong>. Delight yourself with tacos, fajitas, enchiladas and margaritas. Typical dishes, succulent meats, fish and delicious burgers &#8211; a culinary experience that will make you repeat! Long live <strong>Hacienda Miranda<\/strong>!<\/p>\n<\/div><\/div><\/div><\/div><\/div><\/div><\/section>\n","protected":false},"excerpt":{"rendered":"[vc_custom_heading text=\"DISHES FOR ALL TASTES\" font_container=\"tag:div|text_align:left\" use_theme_fonts=\"yes\" css=\"%7B%22default%22%3A%7B%22text-align%22%3A%22center%22%2C%22font-size%22%3A%220.8rem%22%2C%22text-transform%22%3A%22uppercase%22%2C%22animation-name%22%3A%22fade%22%2C%22animation-delay%22%3A%220.5s%22%7D%7D\"][vc_custom_heading text=\"MENU\" font_container=\"tag:h2|text_align:center\" use_theme_fonts=\"yes\" css=\"%7B%22default%22%3A%7B%22color%22%3A%22%23333333%22%2C%22animation-name%22%3A%22fade%22%2C%22animation-delay%22%3A%220.5s%22%7D%7D\"]StartersMainsKids MenuDiscover authentic Mexican cuisine at Hacienda Miranda, the Mexican restaurant in Tenerife South. Delight yourself with tacos, fajitas, enchiladas and margaritas. Typical dishes, succulent meats, fish and delicious burgers &#8211; a culinary experience that will make you repeat! Long live Hacienda Miranda!","protected":false},"author":1,"featured_media":399,"parent":0,"menu_order":0,"comment_status":"closed","ping_status":"closed","template":"","meta":{"footnotes":""},"class_list":["post-521","page","type-page","status-publish","has-post-thumbnail","hentry"],"yoast_head":"<!-- This site is optimized with the Yoast SEO Premium plugin v26.2 (Yoast SEO v26.2) - https:\/\/yoast.com\/wordpress\/plugins\/seo\/ -->\n<title>Menu | Mexican Restaurant in South Tenerife - Hacienda Miranda - Gourmetland Tenerife - Gourmetland<\/title>\n<meta name=\"description\" content=\"Discover our menu! The best Mexican restaurant in Tenerife is called Hacienda Miranda. Visit us at the Safari Shopping Center.\" \/>\n<meta name=\"robots\" content=\"index, follow, max-snippet:-1, max-image-preview:large, max-video-preview:-1\" \/>\n<link rel=\"canonical\" href=\"https:\/\/haciendamiranda.es\/en\/menu\/\" \/>\n<meta property=\"og:locale\" content=\"en_US\" \/>\n<meta property=\"og:type\" content=\"article\" \/>\n<meta property=\"og:title\" content=\"Menu\" \/>\n<meta property=\"og:description\" content=\"Discover our menu! The best Mexican restaurant in Tenerife is called Hacienda Miranda. Visit us at the Safari Shopping Center.\" \/>\n<meta property=\"og:url\" content=\"https:\/\/haciendamiranda.es\/en\/menu\/\" \/>\n<meta property=\"og:site_name\" content=\"Hacienda Miranda - Gourmetland Tenerife\" \/>\n<meta property=\"article:modified_time\" content=\"2024-11-28T17:52:03+00:00\" \/>\n<meta property=\"og:image\" content=\"https:\/\/haciendamiranda.es\/wp-content\/uploads\/2023\/02\/2-1.jpg\" \/>\n\t<meta property=\"og:image:width\" content=\"940\" \/>\n\t<meta property=\"og:image:height\" content=\"788\" \/>\n\t<meta property=\"og:image:type\" content=\"image\/jpeg\" \/>\n<meta name=\"twitter:card\" content=\"summary_large_image\" \/>\n<meta name=\"twitter:label1\" content=\"Est. reading time\" \/>\n\t<meta name=\"twitter:data1\" content=\"1 minute\" \/>\n<script type=\"application\/ld+json\" class=\"yoast-schema-graph\">{\"@context\":\"https:\/\/schema.org\",\"@graph\":[{\"@type\":\"WebPage\",\"@id\":\"https:\/\/haciendamiranda.es\/en\/menu\/\",\"url\":\"https:\/\/haciendamiranda.es\/en\/menu\/\",\"name\":\"Menu | Mexican Restaurant in South Tenerife - Hacienda Miranda - Gourmetland Tenerife - Gourmetland\",\"isPartOf\":{\"@id\":\"https:\/\/haciendamiranda.es\/#website\"},\"primaryImageOfPage\":{\"@id\":\"https:\/\/haciendamiranda.es\/en\/menu\/#primaryimage\"},\"image\":{\"@id\":\"https:\/\/haciendamiranda.es\/en\/menu\/#primaryimage\"},\"thumbnailUrl\":\"https:\/\/haciendamiranda.es\/wp-content\/uploads\/2023\/02\/2-1.jpg\",\"datePublished\":\"2023-04-14T13:24:15+00:00\",\"dateModified\":\"2024-11-28T17:52:03+00:00\",\"description\":\"Discover our menu! The best Mexican restaurant in Tenerife is called Hacienda Miranda. Visit us at the Safari Shopping Center.\",\"breadcrumb\":{\"@id\":\"https:\/\/haciendamiranda.es\/en\/menu\/#breadcrumb\"},\"inLanguage\":\"en-US\",\"potentialAction\":[{\"@type\":\"ReadAction\",\"target\":[\"https:\/\/haciendamiranda.es\/en\/menu\/\"]}]},{\"@type\":\"ImageObject\",\"inLanguage\":\"en-US\",\"@id\":\"https:\/\/haciendamiranda.es\/en\/menu\/#primaryimage\",\"url\":\"https:\/\/haciendamiranda.es\/wp-content\/uploads\/2023\/02\/2-1.jpg\",\"contentUrl\":\"https:\/\/haciendamiranda.es\/wp-content\/uploads\/2023\/02\/2-1.jpg\",\"width\":940,\"height\":788,\"caption\":\"restaurante mexicano\"},{\"@type\":\"BreadcrumbList\",\"@id\":\"https:\/\/haciendamiranda.es\/en\/menu\/#breadcrumb\",\"itemListElement\":[{\"@type\":\"ListItem\",\"position\":1,\"name\":\"Portada\",\"item\":\"https:\/\/haciendamiranda.es\/\"},{\"@type\":\"ListItem\",\"position\":2,\"name\":\"Menu\"}]},{\"@type\":\"WebSite\",\"@id\":\"https:\/\/haciendamiranda.es\/#website\",\"url\":\"https:\/\/haciendamiranda.es\/\",\"name\":\"Hacienda Miranda - Gourmetland Tenerife\",\"description\":\"En Hacienda Miranda disfrutar\u00e1s de los mejores platos mexicanos: tacos, fajitas, enchiladas y... \u00a1mucha margarita! Restaurante mexicano en Tenerife Sur.\",\"publisher\":{\"@id\":\"https:\/\/haciendamiranda.es\/#organization\"},\"potentialAction\":[{\"@type\":\"SearchAction\",\"target\":{\"@type\":\"EntryPoint\",\"urlTemplate\":\"https:\/\/haciendamiranda.es\/?s={search_term_string}\"},\"query-input\":{\"@type\":\"PropertyValueSpecification\",\"valueRequired\":true,\"valueName\":\"search_term_string\"}}],\"inLanguage\":\"en-US\"},{\"@type\":[\"Organization\",\"Place\",\"Restaurant\"],\"@id\":\"https:\/\/haciendamiranda.es\/#organization\",\"name\":\"Hacienda Miranda\",\"url\":\"https:\/\/haciendamiranda.es\/\",\"logo\":{\"@id\":\"https:\/\/haciendamiranda.es\/en\/menu\/#local-main-organization-logo\"},\"image\":{\"@id\":\"https:\/\/haciendamiranda.es\/en\/menu\/#local-main-organization-logo\"},\"address\":{\"@id\":\"https:\/\/haciendamiranda.es\/en\/menu\/#local-main-place-address\"},\"geo\":{\"@type\":\"GeoCoordinates\",\"latitude\":\"28.055391615693814\",\"longitude\":\"-16.730815861297653\"},\"telephone\":[],\"contactPoint\":{\"@type\":\"ContactPoint\",\"telephone\":\"922 79 46 99\",\"email\":\"info@haciendamiranda.es\"},\"openingHoursSpecification\":[{\"@type\":\"OpeningHoursSpecification\",\"dayOfWeek\":[\"Monday\",\"Tuesday\",\"Wednesday\",\"Thursday\",\"Friday\",\"Saturday\",\"Sunday\"],\"opens\":\"13:00\",\"closes\":\"23:00\"}],\"priceRange\":\"$$\",\"currenciesAccepted\":\"Euro\"},{\"@type\":\"PostalAddress\",\"@id\":\"https:\/\/haciendamiranda.es\/en\/menu\/#local-main-place-address\",\"streetAddress\":\"Av. las Am\u00e9ricas, 6, Centro Comercial Safari, 38650 Playa de la Am\u00e9ricas, Santa Cruz de Tenerife\",\"addressLocality\":\"Playa de la Am\u00e9ricas\",\"postalCode\":\"38650\",\"addressCountry\":\"ES\"},{\"@type\":\"ImageObject\",\"inLanguage\":\"en-US\",\"@id\":\"https:\/\/haciendamiranda.es\/en\/menu\/#local-main-organization-logo\",\"url\":\"https:\/\/haciendamiranda.es\/wp-content\/uploads\/2023\/05\/hacienda.png\",\"contentUrl\":\"https:\/\/haciendamiranda.es\/wp-content\/uploads\/2023\/05\/hacienda.png\",\"width\":350,\"height\":350,\"caption\":\"Hacienda Miranda\"}]}<\/script>\n<meta name=\"geo.placename\" content=\"Playa de la Am\u00e9ricas\" \/>\n<meta name=\"geo.position\" content=\"28.055391615693814;-16.730815861297653\" \/>\n<meta name=\"geo.region\" content=\"Spain\" \/>\n<!-- \/ Yoast SEO Premium plugin. -->","yoast_head_json":{"title":"Menu | Mexican Restaurant in South Tenerife - Hacienda Miranda - Gourmetland Tenerife - Gourmetland","description":"Discover our menu! The best Mexican restaurant in Tenerife is called Hacienda Miranda. Visit us at the Safari Shopping Center.","robots":{"index":"index","follow":"follow","max-snippet":"max-snippet:-1","max-image-preview":"max-image-preview:large","max-video-preview":"max-video-preview:-1"},"canonical":"https:\/\/haciendamiranda.es\/en\/menu\/","og_locale":"en_US","og_type":"article","og_title":"Menu","og_description":"Discover our menu! The best Mexican restaurant in Tenerife is called Hacienda Miranda. Visit us at the Safari Shopping Center.","og_url":"https:\/\/haciendamiranda.es\/en\/menu\/","og_site_name":"Hacienda Miranda - Gourmetland Tenerife","article_modified_time":"2024-11-28T17:52:03+00:00","og_image":[{"width":940,"height":788,"url":"https:\/\/haciendamiranda.es\/wp-content\/uploads\/2023\/02\/2-1.jpg","type":"image\/jpeg"}],"twitter_card":"summary_large_image","twitter_misc":{"Est. reading time":"1 minute"},"schema":{"@context":"https:\/\/schema.org","@graph":[{"@type":"WebPage","@id":"https:\/\/haciendamiranda.es\/en\/menu\/","url":"https:\/\/haciendamiranda.es\/en\/menu\/","name":"Menu | Mexican Restaurant in South Tenerife - Hacienda Miranda - Gourmetland Tenerife - Gourmetland","isPartOf":{"@id":"https:\/\/haciendamiranda.es\/#website"},"primaryImageOfPage":{"@id":"https:\/\/haciendamiranda.es\/en\/menu\/#primaryimage"},"image":{"@id":"https:\/\/haciendamiranda.es\/en\/menu\/#primaryimage"},"thumbnailUrl":"https:\/\/haciendamiranda.es\/wp-content\/uploads\/2023\/02\/2-1.jpg","datePublished":"2023-04-14T13:24:15+00:00","dateModified":"2024-11-28T17:52:03+00:00","description":"Discover our menu! The best Mexican restaurant in Tenerife is called Hacienda Miranda. Visit us at the Safari Shopping Center.","breadcrumb":{"@id":"https:\/\/haciendamiranda.es\/en\/menu\/#breadcrumb"},"inLanguage":"en-US","potentialAction":[{"@type":"ReadAction","target":["https:\/\/haciendamiranda.es\/en\/menu\/"]}]},{"@type":"ImageObject","inLanguage":"en-US","@id":"https:\/\/haciendamiranda.es\/en\/menu\/#primaryimage","url":"https:\/\/haciendamiranda.es\/wp-content\/uploads\/2023\/02\/2-1.jpg","contentUrl":"https:\/\/haciendamiranda.es\/wp-content\/uploads\/2023\/02\/2-1.jpg","width":940,"height":788,"caption":"restaurante mexicano"},{"@type":"BreadcrumbList","@id":"https:\/\/haciendamiranda.es\/en\/menu\/#breadcrumb","itemListElement":[{"@type":"ListItem","position":1,"name":"Portada","item":"https:\/\/haciendamiranda.es\/"},{"@type":"ListItem","position":2,"name":"Menu"}]},{"@type":"WebSite","@id":"https:\/\/haciendamiranda.es\/#website","url":"https:\/\/haciendamiranda.es\/","name":"Hacienda Miranda - Gourmetland Tenerife","description":"En Hacienda Miranda disfrutar\u00e1s de los mejores platos mexicanos: tacos, fajitas, enchiladas y... \u00a1mucha margarita! Restaurante mexicano en Tenerife Sur.","publisher":{"@id":"https:\/\/haciendamiranda.es\/#organization"},"potentialAction":[{"@type":"SearchAction","target":{"@type":"EntryPoint","urlTemplate":"https:\/\/haciendamiranda.es\/?s={search_term_string}"},"query-input":{"@type":"PropertyValueSpecification","valueRequired":true,"valueName":"search_term_string"}}],"inLanguage":"en-US"},{"@type":["Organization","Place","Restaurant"],"@id":"https:\/\/haciendamiranda.es\/#organization","name":"Hacienda Miranda","url":"https:\/\/haciendamiranda.es\/","logo":{"@id":"https:\/\/haciendamiranda.es\/en\/menu\/#local-main-organization-logo"},"image":{"@id":"https:\/\/haciendamiranda.es\/en\/menu\/#local-main-organization-logo"},"address":{"@id":"https:\/\/haciendamiranda.es\/en\/menu\/#local-main-place-address"},"geo":{"@type":"GeoCoordinates","latitude":"28.055391615693814","longitude":"-16.730815861297653"},"telephone":[],"contactPoint":{"@type":"ContactPoint","telephone":"922 79 46 99","email":"info@haciendamiranda.es"},"openingHoursSpecification":[{"@type":"OpeningHoursSpecification","dayOfWeek":["Monday","Tuesday","Wednesday","Thursday","Friday","Saturday","Sunday"],"opens":"13:00","closes":"23:00"}],"priceRange":"$$","currenciesAccepted":"Euro"},{"@type":"PostalAddress","@id":"https:\/\/haciendamiranda.es\/en\/menu\/#local-main-place-address","streetAddress":"Av. las Am\u00e9ricas, 6, Centro Comercial Safari, 38650 Playa de la Am\u00e9ricas, Santa Cruz de Tenerife","addressLocality":"Playa de la Am\u00e9ricas","postalCode":"38650","addressCountry":"ES"},{"@type":"ImageObject","inLanguage":"en-US","@id":"https:\/\/haciendamiranda.es\/en\/menu\/#local-main-organization-logo","url":"https:\/\/haciendamiranda.es\/wp-content\/uploads\/2023\/05\/hacienda.png","contentUrl":"https:\/\/haciendamiranda.es\/wp-content\/uploads\/2023\/05\/hacienda.png","width":350,"height":350,"caption":"Hacienda Miranda"}]},"geo.placename":"Playa de la Am\u00e9ricas","geo.position":{"lat":"28.055391615693814","long":"-16.730815861297653"},"geo.region":"Spain"},"_links":{"self":[{"href":"https:\/\/haciendamiranda.es\/en\/wp-json\/wp\/v2\/pages\/521","targetHints":{"allow":["GET"]}}],"collection":[{"href":"https:\/\/haciendamiranda.es\/en\/wp-json\/wp\/v2\/pages"}],"about":[{"href":"https:\/\/haciendamiranda.es\/en\/wp-json\/wp\/v2\/types\/page"}],"author":[{"embeddable":true,"href":"https:\/\/haciendamiranda.es\/en\/wp-json\/wp\/v2\/users\/1"}],"replies":[{"embeddable":true,"href":"https:\/\/haciendamiranda.es\/en\/wp-json\/wp\/v2\/comments?post=521"}],"version-history":[{"count":9,"href":"https:\/\/haciendamiranda.es\/en\/wp-json\/wp\/v2\/pages\/521\/revisions"}],"predecessor-version":[{"id":848,"href":"https:\/\/haciendamiranda.es\/en\/wp-json\/wp\/v2\/pages\/521\/revisions\/848"}],"wp:featuredmedia":[{"embeddable":true,"href":"https:\/\/haciendamiranda.es\/en\/wp-json\/wp\/v2\/media\/399"}],"wp:attachment":[{"href":"https:\/\/haciendamiranda.es\/en\/wp-json\/wp\/v2\/media?parent=521"}],"curies":[{"name":"wp","href":"https:\/\/api.w.org\/{rel}","templated":true}]}}